{"id":60,"date":"2026-02-13T10:40:14","date_gmt":"2026-02-13T10:40:14","guid":{"rendered":"https:\/\/katharsis.ovh\/?page_id=60"},"modified":"2026-02-13T15:00:51","modified_gmt":"2026-02-13T15:00:51","slug":"membres-dhonneur","status":"publish","type":"page","link":"https:\/\/katharsis.ovh\/index.php\/membres-dhonneur\/","title":{"rendered":"Membres d&#8217;honneur"},"content":{"rendered":"\n<h2 class=\"wp-block-heading\">Devenez membre d\u2019honneur de l\u2019Association<\/h2>\n\n\n\n<figure class=\"wp-block-image size-medium\"><img loading=\"lazy\" decoding=\"async\" width=\"300\" height=\"89\" src=\"https:\/\/katharsis.ovh\/wp-content\/uploads\/2026\/02\/logo-Katharsis-noir-300x89.png\" alt=\"\" class=\"wp-image-106\" srcset=\"https:\/\/katharsis.ovh\/wp-content\/uploads\/2026\/02\/logo-Katharsis-noir-300x89.png 300w, https:\/\/katharsis.ovh\/wp-content\/uploads\/2026\/02\/logo-Katharsis-noir-1024x303.png 1024w, https:\/\/katharsis.ovh\/wp-content\/uploads\/2026\/02\/logo-Katharsis-noir-2000x593.png 2000w\" sizes=\"auto, (max-width: 300px) 100vw, 300px\" \/><\/figure>\n\n\n\n<p><strong>Ensemble vocal<\/strong><\/p>\n\n\n\n<p><\/p>\n\n\n\n<p>Nous interpr\u00e9tons des chants polyphoniques.<\/p>\n\n\n\n<p><br><strong>Pourquoi nous soutenir?<\/strong><br>\u2713 Encourager la cr\u00e9ation et l\u2019innovation musicale<br>\u2713 Participer \u00e0 la vie de l\u2019association<br>\u2713 B\u00e9n\u00e9ficier d\u2019avantages exclusifs, \u00eatre r\u00e9guli\u00e8rement inform\u00e9 de nos activit\u00e9s<br>\u2713 S\u2019engager pour une culture accessible<\/p>\n\n\n\n<div class=\"wp-block-columns is-layout-flex wp-container-core-columns-is-layout-28f84493 wp-block-columns-is-layout-flex\">\n<div class=\"wp-block-column is-layout-flow wp-block-column-is-layout-flow\"><\/div>\n\n\n\n<div class=\"wp-block-column is-layout-flow wp-block-column-is-layout-flow\"><\/div>\n<\/div>\n\n\n\n<div class=\"wp-block-columns is-layout-flex wp-container-core-columns-is-layout-28f84493 wp-block-columns-is-layout-flex\">\n<div class=\"wp-block-column is-layout-flow wp-block-column-is-layout-flow\" style=\"flex-basis:25%\">\n<p><strong>Nous contacter<\/strong><\/p>\n\n\n\n<p>marta@zaremba.ch<br>+41 79 135 65 25<br>www.kartharsis.ovh<\/p>\n<\/div>\n\n\n\n<div class=\"wp-block-column is-layout-flow wp-block-column-is-layout-flow\" style=\"flex-basis:50%\">\n<p>La cotisation minimale est de CHF 50 par ann\u00e9e<br>(CHF 80.- pour les couples)<\/p>\n\n\n\n<p>CH96 8080 8009 2522 1155 3<br>Katharsis ensemble vocal<br>1871 Cho\u00ebx<\/p>\n<\/div>\n\n\n\n<div class=\"wp-block-column is-layout-flow wp-block-column-is-layout-flow\" style=\"flex-basis:25%\">\n<figure class=\"wp-block-image size-thumbnail\"><img loading=\"lazy\" decoding=\"async\" width=\"150\" height=\"150\" src=\"https:\/\/katharsis.ovh\/wp-content\/uploads\/2026\/02\/QR-compte-1-150x150.jpg\" alt=\"\" class=\"wp-image-104\" srcset=\"https:\/\/katharsis.ovh\/wp-content\/uploads\/2026\/02\/QR-compte-1-150x150.jpg 150w, https:\/\/katharsis.ovh\/wp-content\/uploads\/2026\/02\/QR-compte-1-300x300.jpg 300w, https:\/\/katharsis.ovh\/wp-content\/uploads\/2026\/02\/QR-compte-1.jpg 532w\" sizes=\"auto, (max-width: 150px) 100vw, 150px\" \/><\/figure>\n<\/div>\n<\/div>\n\n\n\n<p><\/p>\n","protected":false},"excerpt":{"rendered":"<p>Devenez membre d\u2019honneur de l\u2019Association Ensemble vocal Nous interpr\u00e9tons des chants polyphoniques. Pourquoi nous soutenir?\u2713 Encourager la cr\u00e9ation et l\u2019innovation musicale\u2713 Participer \u00e0 la vie de l\u2019association\u2713 B\u00e9n\u00e9ficier d\u2019avantages exclusifs, \u00eatre r\u00e9guli\u00e8rement inform\u00e9 de nos activit\u00e9s\u2713 S\u2019engager pour une culture accessible Nous contacter marta@zaremba.ch+41 79 135 65 25www.kartharsis.ovh La cotisation minimale est de CHF 50 &hellip; <\/p>\n<p class=\"link-more\"><a href=\"https:\/\/katharsis.ovh\/index.php\/membres-dhonneur\/\" class=\"more-link\">Read more<span class=\"screen-reader-text\"> &#8220;Membres d&#8217;honneur&#8221;<\/span><\/a><\/p>\n","protected":false},"author":1,"featured_media":86,"parent":0,"menu_order":0,"comment_status":"closed","ping_status":"closed","template":"","meta":{"inspiro_hide_title":false,"footnotes":""},"class_list":["post-60","page","type-page","status-publish","has-post-thumbnail","hentry"],"_links":{"self":[{"href":"https:\/\/katharsis.ovh\/index.php\/wp-json\/wp\/v2\/pages\/60","targetHints":{"allow":["GET"]}}],"collection":[{"href":"https:\/\/katharsis.ovh\/index.php\/wp-json\/wp\/v2\/pages"}],"about":[{"href":"https:\/\/katharsis.ovh\/index.php\/wp-json\/wp\/v2\/types\/page"}],"author":[{"embeddable":true,"href":"https:\/\/katharsis.ovh\/index.php\/wp-json\/wp\/v2\/users\/1"}],"replies":[{"embeddable":true,"href":"https:\/\/katharsis.ovh\/index.php\/wp-json\/wp\/v2\/comments?post=60"}],"version-history":[{"count":7,"href":"https:\/\/katharsis.ovh\/index.php\/wp-json\/wp\/v2\/pages\/60\/revisions"}],"predecessor-version":[{"id":109,"href":"https:\/\/katharsis.ovh\/index.php\/wp-json\/wp\/v2\/pages\/60\/revisions\/109"}],"wp:featuredmedia":[{"embeddable":true,"href":"https:\/\/katharsis.ovh\/index.php\/wp-json\/wp\/v2\/media\/86"}],"wp:attachment":[{"href":"https:\/\/katharsis.ovh\/index.php\/wp-json\/wp\/v2\/media?parent=60"}],"curies":[{"name":"wp","href":"https:\/\/api.w.org\/{rel}","templated":true}]}}