{"id":58,"date":"2026-02-13T10:39:36","date_gmt":"2026-02-13T10:39:36","guid":{"rendered":"https:\/\/katharsis.ovh\/?page_id=58"},"modified":"2026-03-22T17:54:56","modified_gmt":"2026-03-22T17:54:56","slug":"ensemble-vocal","status":"publish","type":"page","link":"https:\/\/katharsis.ovh\/index.php\/ensemble-vocal\/","title":{"rendered":"Ensemble vocal"},"content":{"rendered":"\n<figure class=\"wp-block-image size-full\"><img loading=\"lazy\" decoding=\"async\" width=\"2560\" height=\"966\" src=\"https:\/\/katharsis.ovh\/wp-content\/uploads\/2026\/03\/cloitre2-scaled.jpg\" alt=\"\" class=\"wp-image-138\" srcset=\"https:\/\/katharsis.ovh\/wp-content\/uploads\/2026\/03\/cloitre2-scaled.jpg 2560w, https:\/\/katharsis.ovh\/wp-content\/uploads\/2026\/03\/cloitre2-300x113.jpg 300w, https:\/\/katharsis.ovh\/wp-content\/uploads\/2026\/03\/cloitre2-1024x386.jpg 1024w, https:\/\/katharsis.ovh\/wp-content\/uploads\/2026\/03\/cloitre2-2000x755.jpg 2000w\" sizes=\"auto, (max-width: 2560px) 100vw, 2560px\" \/><\/figure>\n\n\n\n<p>Fond\u00e9 en 2025 dans le Chablais, <strong>Katharsis<\/strong> est un ensemble vocal passionn\u00e9 par le chant polyphonique sous toutes ses formes. Nous explorons des styles vari\u00e9s et partageons notre plaisir de chanter \u00e0 travers des concerts, des messes et des \u00e9v\u00e9nements dans toute la r\u00e9gion.<\/p>\n\n\n\n<p>Le nom Katharsis vient du th\u00e9\u00e2tre grec ancien. Il \u00e9voque cette transformation int\u00e9rieure que procure l\u2019art, lorsque l\u2019\u00e9motion touche et \u00e9l\u00e8ve l\u2019esprit. Ce concept, \u00e0 la fois universel et intemporel, rejoint pleinement nos valeurs chr\u00e9tiennes de beaut\u00e9, de partage et de transcendance.<br>\u00c0 travers chaque interpr\u00e9tation, nous cherchons \u00e0 cr\u00e9er une musique vivante et sinc\u00e8re, o\u00f9 la beaut\u00e9 des harmonies rencontre la profondeur des \u00e9motions.<br>Katharsis, c\u2019est la rencontre entre les voix, les \u00e2mes et la musique.<\/p>\n\n\n\n<figure class=\"wp-block-image size-full\"><img loading=\"lazy\" decoding=\"async\" width=\"2560\" height=\"1934\" src=\"https:\/\/katharsis.ovh\/wp-content\/uploads\/2026\/03\/cloitre-scaled.jpg\" alt=\"\" class=\"wp-image-139\" srcset=\"https:\/\/katharsis.ovh\/wp-content\/uploads\/2026\/03\/cloitre-scaled.jpg 2560w, https:\/\/katharsis.ovh\/wp-content\/uploads\/2026\/03\/cloitre-300x227.jpg 300w, https:\/\/katharsis.ovh\/wp-content\/uploads\/2026\/03\/cloitre-1024x773.jpg 1024w, https:\/\/katharsis.ovh\/wp-content\/uploads\/2026\/03\/cloitre-2000x1511.jpg 2000w\" sizes=\"auto, (max-width: 2560px) 100vw, 2560px\" \/><\/figure>\n\n\n\n<h2 class=\"wp-block-heading\">Chanteurs<\/h2>\n\n\n\n<p>Les chanteurs de Katharsis viennent d\u2019horizons tr\u00e8s diff\u00e9rents, et c\u2019est ce qui fait la force du groupe. On y trouve des personnes pass\u00e9es par le conservatoire, d\u2019autres form\u00e9es dans des ch\u0153urs d\u2019enfants, des chorales paroissiales ou des projets ponctuels.<\/p>\n\n\n\n<p>Certains sont proches de la musique liturgique ou du chant a cappella, d\u2019autres ont d\u00e9couvert la polyphonie avec le gospel, les musiques de films ou de jeux vid\u00e9o. Plusieurs chantent depuis l\u2019enfance, jouent d\u2019un instrument ou apprennent en autodidactes, ce qui apporte des sensibilit\u00e9s vari\u00e9es au ch\u0153ur.<br>Tous mettent aujourd\u2019hui leur parcours au service d\u2019un m\u00eame but : chanter ensemble une musique belle, soign\u00e9e et porteuse d\u2019\u00e9motion.<\/p>\n\n\n\n<h2 class=\"wp-block-heading\">R\u00e9pertoire<\/h2>\n\n\n\n<p>La d\u00e9marche de Katharsis est aussi de proposer un r\u00e9pertoire sp\u00e9cialement con\u00e7u pour ensemble vocal a cappella, permettant d\u2019en exploiter au mieux les sonorit\u00e9s et les richesses.<br>Richesse harmonique tout d\u2019abord, avec des compositeurs contemporains (John Tavener, Ola Gjeilo) soucieux de cr\u00e9er des accords color\u00e9s et saisissants, pour une musique elabor\u00e9e qui se laisse n\u00e9anmoins ais\u00e9ment savourer.<br>Richesse historique et g\u00e9ographique \u00e9galement, \u00e0 travers des chants issus de traditions peu pratiqu\u00e9es dans nos r\u00e9gions (byzantines, h\u00e9bra\u00efques). Quelques pi\u00e8ces plus rythm\u00e9es viennent apporter une touche de dynamisme au programme, tout en pr\u00e9servant son atmosph\u00e8re contemplative.<br>Enfin, nous mettons \u00e0 l&#8217;honneur des compositeurs suisses avec la musique de Luigi Molfino, ainsi que des compositions de notre directeur, Guillaume D\u00e9l\u00e8ze.<\/p>\n","protected":false},"excerpt":{"rendered":"<p>Fond\u00e9 en 2025 dans le Chablais, Katharsis est un ensemble vocal passionn\u00e9 par le chant polyphonique sous toutes ses formes. Nous explorons des styles vari\u00e9s et partageons notre plaisir de chanter \u00e0 travers des concerts, des messes et des \u00e9v\u00e9nements dans toute la r\u00e9gion. Le nom Katharsis vient du th\u00e9\u00e2tre grec ancien. Il \u00e9voque cette &hellip; <\/p>\n<p class=\"link-more\"><a href=\"https:\/\/katharsis.ovh\/index.php\/ensemble-vocal\/\" class=\"more-link\">Read more<span class=\"screen-reader-text\"> &#8220;Ensemble vocal&#8221;<\/span><\/a><\/p>\n","protected":false},"author":1,"featured_media":86,"parent":0,"menu_order":0,"comment_status":"closed","ping_status":"closed","template":"","meta":{"inspiro_hide_title":false,"footnotes":""},"class_list":["post-58","page","type-page","status-publish","has-post-thumbnail","hentry"],"_links":{"self":[{"href":"https:\/\/katharsis.ovh\/index.php\/wp-json\/wp\/v2\/pages\/58","targetHints":{"allow":["GET"]}}],"collection":[{"href":"https:\/\/katharsis.ovh\/index.php\/wp-json\/wp\/v2\/pages"}],"about":[{"href":"https:\/\/katharsis.ovh\/index.php\/wp-json\/wp\/v2\/types\/page"}],"author":[{"embeddable":true,"href":"https:\/\/katharsis.ovh\/index.php\/wp-json\/wp\/v2\/users\/1"}],"replies":[{"embeddable":true,"href":"https:\/\/katharsis.ovh\/index.php\/wp-json\/wp\/v2\/comments?post=58"}],"version-history":[{"count":9,"href":"https:\/\/katharsis.ovh\/index.php\/wp-json\/wp\/v2\/pages\/58\/revisions"}],"predecessor-version":[{"id":168,"href":"https:\/\/katharsis.ovh\/index.php\/wp-json\/wp\/v2\/pages\/58\/revisions\/168"}],"wp:featuredmedia":[{"embeddable":true,"href":"https:\/\/katharsis.ovh\/index.php\/wp-json\/wp\/v2\/media\/86"}],"wp:attachment":[{"href":"https:\/\/katharsis.ovh\/index.php\/wp-json\/wp\/v2\/media?parent=58"}],"curies":[{"name":"wp","href":"https:\/\/api.w.org\/{rel}","templated":true}]}}