{"id":55,"date":"2026-02-13T10:38:06","date_gmt":"2026-02-13T10:38:06","guid":{"rendered":"https:\/\/katharsis.ovh\/?page_id=55"},"modified":"2026-02-15T08:21:08","modified_gmt":"2026-02-15T08:21:08","slug":"evenements","status":"publish","type":"page","link":"https:\/\/katharsis.ovh\/index.php\/evenements\/","title":{"rendered":"\u00c9v\u00e9nements"},"content":{"rendered":"\n<div class=\"wp-block-group has-global-padding is-layout-constrained wp-block-group-is-layout-constrained\" style=\"padding-top:var(--wp--preset--spacing--small);padding-bottom:var(--wp--preset--spacing--small)\">\n<div class=\"wp-block-columns is-layout-flex wp-container-core-columns-is-layout-c375d253 wp-block-columns-is-layout-flex\">\n<div class=\"wp-block-column is-vertically-aligned-center is-layout-flow wp-block-column-is-layout-flow\">\n<h2 class=\"wp-block-heading has-medium-font-size\" style=\"text-transform:uppercase\">Prochaines messes<\/h2>\n\n\n\n<p>dimanche, le 26 avril 2026 \u00e0 9h15 \u00e0 l\u2019\u00e9glise de Cho\u00ebx<\/p>\n\n\n\n<p>samedi, le 2 mai 2026 \u00e0 17h \u00e0 l\u2019\u00e9glise de Monthey<\/p>\n<\/div>\n\n\n\n<div class=\"wp-block-column is-layout-flow wp-block-column-is-layout-flow\">\n<h2 class=\"wp-block-heading has-medium-font-size\" style=\"text-transform:uppercase\">Prochains concerts<\/h2>\n\n\n\n<p>dimanche, le 31 mai \u00e0 17h \u00e0 l\u2019\u00e9glise de Cho\u00ebx<\/p>\n\n\n\n<p>dimanche, le 7 juin \u00e0 15h \u00e0 l\u2019\u00e9glise de Collombey<\/p>\n<\/div>\n<\/div>\n<\/div>\n\n\n\n<div class=\"wp-block-group has-global-padding is-layout-constrained wp-block-group-is-layout-constrained\" style=\"padding-top:var(--wp--preset--spacing--small);padding-bottom:var(--wp--preset--spacing--small)\">\n<div class=\"wp-block-columns is-layout-flex wp-container-core-columns-is-layout-c375d253 wp-block-columns-is-layout-flex\">\n<div class=\"wp-block-column is-vertically-aligned-center is-layout-flow wp-block-column-is-layout-flow\">\n<h2 class=\"wp-block-heading has-medium-font-size\" style=\"text-transform:uppercase\">messe suivie d&#8217;un concert<\/h2>\n\n\n\n<p>samedi, le 26 septembre 2026 \u00e0 18h00 \u00e0 l\u2019\u00e9glise Saint-Sigismond de Saint-Maurice<\/p>\n<\/div>\n<\/div>\n<\/div>\n\n\n\n<p><\/p>\n","protected":false},"excerpt":{"rendered":"<p>Prochaines messes dimanche, le 26 avril 2026 \u00e0 9h15 \u00e0 l\u2019\u00e9glise de Cho\u00ebx samedi, le 2 mai 2026 \u00e0 17h \u00e0 l\u2019\u00e9glise de Monthey Prochains concerts dimanche, le 31 mai \u00e0 17h \u00e0 l\u2019\u00e9glise de Cho\u00ebx dimanche, le 7 juin \u00e0 15h \u00e0 l\u2019\u00e9glise de Collombey messe suivie d&#8217;un concert samedi, le 26 septembre 2026 &hellip; <\/p>\n<p class=\"link-more\"><a href=\"https:\/\/katharsis.ovh\/index.php\/evenements\/\" class=\"more-link\">Read more<span class=\"screen-reader-text\"> &#8220;\u00c9v\u00e9nements&#8221;<\/span><\/a><\/p>\n","protected":false},"author":1,"featured_media":86,"parent":0,"menu_order":0,"comment_status":"closed","ping_status":"closed","template":"","meta":{"inspiro_hide_title":false,"footnotes":""},"class_list":["post-55","page","type-page","status-publish","has-post-thumbnail","hentry"],"_links":{"self":[{"href":"https:\/\/katharsis.ovh\/index.php\/wp-json\/wp\/v2\/pages\/55","targetHints":{"allow":["GET"]}}],"collection":[{"href":"https:\/\/katharsis.ovh\/index.php\/wp-json\/wp\/v2\/pages"}],"about":[{"href":"https:\/\/katharsis.ovh\/index.php\/wp-json\/wp\/v2\/types\/page"}],"author":[{"embeddable":true,"href":"https:\/\/katharsis.ovh\/index.php\/wp-json\/wp\/v2\/users\/1"}],"replies":[{"embeddable":true,"href":"https:\/\/katharsis.ovh\/index.php\/wp-json\/wp\/v2\/comments?post=55"}],"version-history":[{"count":5,"href":"https:\/\/katharsis.ovh\/index.php\/wp-json\/wp\/v2\/pages\/55\/revisions"}],"predecessor-version":[{"id":124,"href":"https:\/\/katharsis.ovh\/index.php\/wp-json\/wp\/v2\/pages\/55\/revisions\/124"}],"wp:featuredmedia":[{"embeddable":true,"href":"https:\/\/katharsis.ovh\/index.php\/wp-json\/wp\/v2\/media\/86"}],"wp:attachment":[{"href":"https:\/\/katharsis.ovh\/index.php\/wp-json\/wp\/v2\/media?parent=55"}],"curies":[{"name":"wp","href":"https:\/\/api.w.org\/{rel}","templated":true}]}}