{"id":18,"date":"2026-02-13T09:21:06","date_gmt":"2026-02-13T09:21:06","guid":{"rendered":"https:\/\/katharsis.ovh\/?page_id=18"},"modified":"2026-03-09T14:58:57","modified_gmt":"2026-03-09T14:58:57","slug":"contact-2","status":"publish","type":"page","link":"https:\/\/katharsis.ovh\/index.php\/contact-2\/","title":{"rendered":"Contact"},"content":{"rendered":"\n<div class=\"wp-block-group alignfull has-global-padding is-layout-constrained wp-container-core-group-is-layout-19e250f3 wp-block-group-is-layout-constrained\">\n<div class=\"wp-block-columns alignfull has-light-background-background-color has-background is-layout-flex wp-container-core-columns-is-layout-dd282781 wp-block-columns-is-layout-flex\" style=\"padding-top:0;padding-right:0;padding-bottom:0;padding-left:0\">\n<div class=\"wp-block-column is-vertically-aligned-center map-grayscale is-layout-flow wp-block-column-is-layout-flow\" style=\"flex-basis:50%\">\n<figure class=\"wp-block-image size-large\"><img loading=\"lazy\" decoding=\"async\" width=\"1024\" height=\"797\" src=\"https:\/\/katharsis.ovh\/wp-content\/uploads\/2026\/03\/katharsis-map-1024x797.jpg\" alt=\"\" class=\"wp-image-131\" srcset=\"https:\/\/katharsis.ovh\/wp-content\/uploads\/2026\/03\/katharsis-map-1024x797.jpg 1024w, https:\/\/katharsis.ovh\/wp-content\/uploads\/2026\/03\/katharsis-map-300x233.jpg 300w, https:\/\/katharsis.ovh\/wp-content\/uploads\/2026\/03\/katharsis-map-2000x1556.jpg 2000w\" sizes=\"auto, (max-width: 1024px) 100vw, 1024px\" \/><\/figure>\n<\/div>\n\n\n\n<div class=\"wp-block-column is-vertically-aligned-top is-layout-flow wp-block-column-is-layout-flow\" style=\"padding-top:var(--wp--preset--spacing--small);padding-right:var(--wp--preset--spacing--small);padding-bottom:var(--wp--preset--spacing--small);padding-left:2%;flex-basis:50%\">\n<h3 class=\"wp-block-heading has-large-font-size\">R\u00e9p\u00e9titions<\/h3>\n\n\n\n<p>Nos r\u00e9p\u00e9titions ont lieu environ toutes les deux semaines, le mercredi en d\u00e9but de soir\u00e9e, dans la salle du Sapin \u00e0 la Maison des Jeunes de la paroisse de Monthey. N\u2019h\u00e9sitez pas \u00e0 nous contacter pour plus d\u2019informations.<\/p>\n<\/div>\n<\/div>\n<\/div>\n\n\n\n<div class=\"wp-block-group is-layout-flow wp-block-group-is-layout-flow\">\n<div class=\"wp-block-group is-layout-flow wp-block-group-is-layout-flow\">\n<div class=\"wp-block-columns is-layout-flex wp-container-core-columns-is-layout-28f84493 wp-block-columns-is-layout-flex\">\n<div class=\"wp-block-column is-layout-flow wp-block-column-is-layout-flow\">\n<p class=\"has-text-align-left\"><\/p>\n\n\n\n<div class=\"wp-block-columns is-layout-flex wp-container-core-columns-is-layout-28f84493 wp-block-columns-is-layout-flex\">\n<div class=\"wp-block-column is-layout-flow wp-block-column-is-layout-flow\">\n<p style=\"line-height:2.5\"><strong>Pr\u00e9sidente<\/strong><\/p>\n\n\n\n<p>Marta Zaremba<\/p>\n\n\n\n<p><a href=\"mailto:marta@zaremba.ch\">marta@zaremba.ch<\/a><\/p>\n\n\n\n<p style=\"line-height:2.5\">+41 79 135 65 25<\/p>\n<\/div>\n\n\n\n<div class=\"wp-block-column is-layout-flow wp-block-column-is-layout-flow\">\n<p style=\"line-height:2.5\"><strong>Compte bancaire<\/strong><\/p>\n\n\n\n<p>CH96 8080 8009 2522 1155 3<\/p>\n\n\n\n<p>Katharsis ensemble vocal<\/p>\n\n\n\n<p style=\"line-height:2.5\">1871 Cho\u00ebx<\/p>\n<\/div>\n<\/div>\n<\/div>\n\n\n\n<div class=\"wp-block-column is-layout-flow wp-block-column-is-layout-flow\">\n<figure class=\"wp-block-image size-medium\"><img loading=\"lazy\" decoding=\"async\" width=\"300\" height=\"300\" src=\"https:\/\/katharsis.ovh\/wp-content\/uploads\/2026\/02\/QR-compte-300x300.jpg\" alt=\"\" class=\"wp-image-80\" srcset=\"https:\/\/katharsis.ovh\/wp-content\/uploads\/2026\/02\/QR-compte-300x300.jpg 300w, https:\/\/katharsis.ovh\/wp-content\/uploads\/2026\/02\/QR-compte-150x150.jpg 150w, https:\/\/katharsis.ovh\/wp-content\/uploads\/2026\/02\/QR-compte.jpg 532w\" sizes=\"auto, (max-width: 300px) 100vw, 300px\" \/><\/figure>\n<\/div>\n<\/div>\n<\/div>\n<\/div>\n\n\n\n<p><\/p>\n","protected":false},"excerpt":{"rendered":"<p>R\u00e9p\u00e9titions Nos r\u00e9p\u00e9titions ont lieu environ toutes les deux semaines, le mercredi en d\u00e9but de soir\u00e9e, dans la salle du Sapin \u00e0 la Maison des Jeunes de la paroisse de Monthey. N\u2019h\u00e9sitez pas \u00e0 nous contacter pour plus d\u2019informations. Pr\u00e9sidente Marta Zaremba marta@zaremba.ch +41 79 135 65 25 Compte bancaire CH96 8080 8009 2522 1155 &hellip; <\/p>\n<p class=\"link-more\"><a href=\"https:\/\/katharsis.ovh\/index.php\/contact-2\/\" class=\"more-link\">Read more<span class=\"screen-reader-text\"> &#8220;Contact&#8221;<\/span><\/a><\/p>\n","protected":false},"author":1,"featured_media":86,"parent":0,"menu_order":0,"comment_status":"closed","ping_status":"closed","template":"","meta":{"inspiro_hide_title":false,"footnotes":""},"class_list":["post-18","page","type-page","status-publish","has-post-thumbnail","hentry"],"_links":{"self":[{"href":"https:\/\/katharsis.ovh\/index.php\/wp-json\/wp\/v2\/pages\/18","targetHints":{"allow":["GET"]}}],"collection":[{"href":"https:\/\/katharsis.ovh\/index.php\/wp-json\/wp\/v2\/pages"}],"about":[{"href":"https:\/\/katharsis.ovh\/index.php\/wp-json\/wp\/v2\/types\/page"}],"author":[{"embeddable":true,"href":"https:\/\/katharsis.ovh\/index.php\/wp-json\/wp\/v2\/users\/1"}],"replies":[{"embeddable":true,"href":"https:\/\/katharsis.ovh\/index.php\/wp-json\/wp\/v2\/comments?post=18"}],"version-history":[{"count":9,"href":"https:\/\/katharsis.ovh\/index.php\/wp-json\/wp\/v2\/pages\/18\/revisions"}],"predecessor-version":[{"id":132,"href":"https:\/\/katharsis.ovh\/index.php\/wp-json\/wp\/v2\/pages\/18\/revisions\/132"}],"wp:featuredmedia":[{"embeddable":true,"href":"https:\/\/katharsis.ovh\/index.php\/wp-json\/wp\/v2\/media\/86"}],"wp:attachment":[{"href":"https:\/\/katharsis.ovh\/index.php\/wp-json\/wp\/v2\/media?parent=18"}],"curies":[{"name":"wp","href":"https:\/\/api.w.org\/{rel}","templated":true}]}}