{"id":16,"date":"2026-02-13T09:21:06","date_gmt":"2026-02-13T09:21:06","guid":{"rendered":"https:\/\/katharsis.ovh\/?page_id=16"},"modified":"2026-03-17T12:24:11","modified_gmt":"2026-03-17T12:24:11","slug":"accueil","status":"publish","type":"page","link":"https:\/\/katharsis.ovh\/","title":{"rendered":"Accueil"},"content":{"rendered":"\n<div class=\"wp-block-cover alignfull\" style=\"min-height:70vh;aspect-ratio:unset;\"><img loading=\"lazy\" decoding=\"async\" width=\"2000\" height=\"1500\" class=\"wp-block-cover__image-background wp-image-45\" alt=\"\" src=\"https:\/\/katharsis.ovh\/wp-content\/uploads\/2026\/02\/site-background-2.jpg\" data-object-fit=\"cover\" srcset=\"https:\/\/katharsis.ovh\/wp-content\/uploads\/2026\/02\/site-background-2.jpg 2000w, https:\/\/katharsis.ovh\/wp-content\/uploads\/2026\/02\/site-background-2-300x225.jpg 300w, https:\/\/katharsis.ovh\/wp-content\/uploads\/2026\/02\/site-background-2-1024x768.jpg 1024w\" sizes=\"auto, (max-width: 2000px) 100vw, 2000px\" \/><span aria-hidden=\"true\" class=\"wp-block-cover__background has-background-dim-10 has-background-dim\" style=\"background-color:#4f6d92\"><\/span><div class=\"wp-block-cover__inner-container has-global-padding is-layout-constrained wp-block-cover-is-layout-constrained\">\n<figure class=\"wp-block-image size-large\"><img loading=\"lazy\" decoding=\"async\" width=\"1024\" height=\"303\" src=\"https:\/\/katharsis.ovh\/wp-content\/uploads\/2026\/02\/logo-Katharsis-blanc-1024x303.png\" alt=\"\" class=\"wp-image-47\" srcset=\"https:\/\/katharsis.ovh\/wp-content\/uploads\/2026\/02\/logo-Katharsis-blanc-1024x303.png 1024w, https:\/\/katharsis.ovh\/wp-content\/uploads\/2026\/02\/logo-Katharsis-blanc-300x89.png 300w, https:\/\/katharsis.ovh\/wp-content\/uploads\/2026\/02\/logo-Katharsis-blanc-2000x593.png 2000w\" sizes=\"auto, (max-width: 1024px) 100vw, 1024px\" \/><\/figure>\n\n\n\n<p class=\"has-text-align-left has-white-color has-text-color has-max-60-font-size\" style=\"padding-top:var(--wp--preset--spacing--x-small);padding-bottom:var(--wp--preset--spacing--x-small);font-style:normal;font-weight:700;line-height:1.2\">Ensemble vocal<\/p>\n\n\n\n<p class=\"has-text-align-left has-white-color has-text-color has-medium-font-size\"><strong>Chanter la joie, partager la gr\u00e2ce, faire r\u00e9sonner notre r\u00e9gion&#8230;<\/strong><\/p>\n<\/div><\/div>\n\n\n\n<figure class=\"wp-block-image size-full\" style=\"margin-top:10px;margin-bottom:10px\"><img loading=\"lazy\" decoding=\"async\" width=\"2560\" height=\"879\" src=\"https:\/\/katharsis.ovh\/wp-content\/uploads\/2026\/03\/site-archeologique-horizontal-scaled.jpg\" alt=\"\" class=\"wp-image-146\" srcset=\"https:\/\/katharsis.ovh\/wp-content\/uploads\/2026\/03\/site-archeologique-horizontal-scaled.jpg 2560w, https:\/\/katharsis.ovh\/wp-content\/uploads\/2026\/03\/site-archeologique-horizontal-300x103.jpg 300w, https:\/\/katharsis.ovh\/wp-content\/uploads\/2026\/03\/site-archeologique-horizontal-1024x352.jpg 1024w, https:\/\/katharsis.ovh\/wp-content\/uploads\/2026\/03\/site-archeologique-horizontal-2000x687.jpg 2000w\" sizes=\"auto, (max-width: 2560px) 100vw, 2560px\" \/><\/figure>\n\n\n\n<div class=\"wp-block-group alignfull has-white-background-color has-background has-global-padding is-layout-constrained wp-block-group-is-layout-constrained\">\n<div class=\"wp-block-group has-global-padding is-layout-constrained wp-block-group-is-layout-constrained\" style=\"padding-top:var(--wp--preset--spacing--small);padding-bottom:var(--wp--preset--spacing--small)\">\n<div class=\"wp-block-columns is-layout-flex wp-container-core-columns-is-layout-c375d253 wp-block-columns-is-layout-flex\">\n<div class=\"wp-block-column is-vertically-aligned-center is-layout-flow wp-block-column-is-layout-flow\">\n<h2 class=\"wp-block-heading has-medium-font-size\" style=\"text-transform:uppercase\">Prochaines messes<\/h2>\n\n\n\n<p>dimanche 26 avril 2026 \u00e0 9h15 \u00e0 l\u2019\u00e9glise de Cho\u00ebx<\/p>\n\n\n\n<p>samedi 2 mai 2026 \u00e0 17h \u00e0 l\u2019\u00e9glise de Monthey<\/p>\n<\/div>\n\n\n\n<div class=\"wp-block-column is-layout-flow wp-block-column-is-layout-flow\">\n<h2 class=\"wp-block-heading has-medium-font-size\" style=\"text-transform:uppercase\">Prochains concerts<\/h2>\n\n\n\n<p>dimanche 31 mai \u00e0 17h \u00e0 l\u2019\u00e9glise de Cho\u00ebx<\/p>\n\n\n\n<p>dimanche 7 juin \u00e0 15h \u00e0 l\u2019\u00e9glise de Collombey<\/p>\n<\/div>\n<\/div>\n<\/div>\n<\/div>\n\n\n\n<div class=\"wp-block-group alignfull has-white-background-color has-background has-global-padding is-layout-constrained wp-block-group-is-layout-constrained\">\n<div class=\"wp-block-group has-global-padding is-layout-constrained wp-block-group-is-layout-constrained\" style=\"padding-top:var(--wp--preset--spacing--small);padding-bottom:var(--wp--preset--spacing--small)\">\n<div class=\"wp-block-columns is-layout-flex wp-container-core-columns-is-layout-c375d253 wp-block-columns-is-layout-flex\">\n<div class=\"wp-block-column is-vertically-aligned-center is-layout-flow wp-block-column-is-layout-flow\">\n<h2 class=\"wp-block-heading has-medium-font-size\" style=\"text-transform:uppercase\">messe suivie d&#8217;un concert<\/h2>\n\n\n\n<p>samedi 26 septembre 2026 \u00e0 18h00 \u00e0 l\u2019\u00e9glise Saint-Sigismond de Saint-Maurice<\/p>\n<\/div>\n<\/div>\n<\/div>\n<\/div>\n\n\n\n<p><\/p>\n","protected":false},"excerpt":{"rendered":"<p>Prochaines messes dimanche 26 avril 2026 \u00e0 9h15 \u00e0 l\u2019\u00e9glise de Cho\u00ebx samedi 2 mai 2026 \u00e0 17h \u00e0 l\u2019\u00e9glise de Monthey Prochains concerts dimanche 31 mai \u00e0 17h \u00e0 l\u2019\u00e9glise de Cho\u00ebx dimanche 7 juin \u00e0 15h \u00e0 l\u2019\u00e9glise de Collombey messe suivie d&#8217;un concert samedi 26 septembre 2026 \u00e0 18h00 \u00e0 l\u2019\u00e9glise Saint-Sigismond &hellip; <\/p>\n<p class=\"link-more\"><a href=\"https:\/\/katharsis.ovh\/\" class=\"more-link\">Read more<span class=\"screen-reader-text\"> &#8220;Accueil&#8221;<\/span><\/a><\/p>\n","protected":false},"author":1,"featured_media":0,"parent":0,"menu_order":0,"comment_status":"closed","ping_status":"closed","template":"page-templates\/homepage-builder-bb.php","meta":{"inspiro_hide_title":false,"footnotes":""},"class_list":["post-16","page","type-page","status-publish","hentry"],"_links":{"self":[{"href":"https:\/\/katharsis.ovh\/index.php\/wp-json\/wp\/v2\/pages\/16","targetHints":{"allow":["GET"]}}],"collection":[{"href":"https:\/\/katharsis.ovh\/index.php\/wp-json\/wp\/v2\/pages"}],"about":[{"href":"https:\/\/katharsis.ovh\/index.php\/wp-json\/wp\/v2\/types\/page"}],"author":[{"embeddable":true,"href":"https:\/\/katharsis.ovh\/index.php\/wp-json\/wp\/v2\/users\/1"}],"replies":[{"embeddable":true,"href":"https:\/\/katharsis.ovh\/index.php\/wp-json\/wp\/v2\/comments?post=16"}],"version-history":[{"count":21,"href":"https:\/\/katharsis.ovh\/index.php\/wp-json\/wp\/v2\/pages\/16\/revisions"}],"predecessor-version":[{"id":152,"href":"https:\/\/katharsis.ovh\/index.php\/wp-json\/wp\/v2\/pages\/16\/revisions\/152"}],"wp:attachment":[{"href":"https:\/\/katharsis.ovh\/index.php\/wp-json\/wp\/v2\/media?parent=16"}],"curies":[{"name":"wp","href":"https:\/\/api.w.org\/{rel}","templated":true}]}}